{"id":375,"date":"2023-05-03T06:24:52","date_gmt":"2023-05-03T04:24:52","guid":{"rendered":"https:\/\/fotofeed.photos\/?post_type=product&#038;p=375"},"modified":"2026-04-14T20:52:48","modified_gmt":"2026-04-14T18:52:48","slug":"fotofeed-2024-photobook","status":"publish","type":"product","link":"https:\/\/fotofeed.photos\/fr\/produit\/fotofeed-2024-photobook\/","title":{"rendered":"photobook fotofeed 2024"},"content":{"rendered":"<p>Dans ce livre de photos, plongez dans le monde captivant d'Instagram et explorez une communaut\u00e9 visuelle dynamique. Chaque page est une fen\u00eatre ouverte sur une myriade de moments fugaces, de voyages exaltants et de d\u00e9couvertes inspirantes.<\/p>\n<p><!--more-->Des paysages \u00e0 couper le souffle aux portraits saisissants, des sc\u00e8nes du quotidien aux instants de bonheur \u00e9ph\u00e9m\u00e8res, ce livre vous invite \u00e0 parcourir une galerie de photographies qui refl\u00e8tent la diversit\u00e9 et l'authenticit\u00e9 du quotidien partag\u00e9 sur Instagram.<\/p>\n<p>Les images, soigneusement s\u00e9lectionn\u00e9es parmi une multitude de comptes Instagram, capturent des moments de joie, de r\u00e9flexion, de beaut\u00e9 et de passion. Elles t\u00e9moignent de la cr\u00e9ativit\u00e9 des utilisateurs d'Instagram et de leur capacit\u00e9 \u00e0 raconter des histoires uniques en images.<\/p>\n<p>Ce livre vous fera d\u00e9couvrir des moments partag\u00e9s, des liens \u00e9tablis et des inspirations provenant d'une communaut\u00e9 mondiale connect\u00e9e par la photographie.<\/p>\n<p>Que vous soyez un passionn\u00e9 d'Instagram, un amoureux de la photographie ou simplement curieux de d\u00e9couvrir les histoires visuelles qui se cachent derri\u00e8re des images \u00e9ph\u00e9m\u00e8res, \u00abfotofeed\u00bb est un livre qui vous transportera dans l'essence m\u00eame de cette plateforme sociale. C'est une c\u00e9l\u00e9bration de la cr\u00e9ativit\u00e9, de la diversit\u00e9 et de la spontan\u00e9it\u00e9 de la photographie partag\u00e9e sur Instagram.<\/p>\n<p>&nbsp;<\/p>\n<p>Book features :<\/p>\n<p>PUR glued square back<br \/>\n380 pages + cover<br \/>\nformat: 180 x 180 mm &#8211; French format<\/p>\n<p>Cover :<br \/>\n350 g\/m2 paper &#8211; 1\/2 mat coated<br \/>\nprinting on one side : four-color process<br \/>\nfinishing: matte lamination on one side<\/p>\n<p>Inside pages :<br \/>\n130 g\/m2 paper &#8211; Coated 1\/2 matt<br \/>\nprinting on one side: four-color process<br \/>\nBack printing : four-color process<\/p>\n<p>Back size : 23 mm thick<br \/>\nWeight : 825 g.<\/p>\n<p>Printing scheduled for December 2024, delivery of pre-orders in January 2025<\/p>","protected":false},"excerpt":{"rendered":"<p>Que vous soyez un passionn\u00e9 d'Instagram, un amoureux de la photographie ou simplement curieux de d\u00e9couvrir les histoires visuelles qui se cachent derri\u00e8re des images \u00e9ph\u00e9m\u00e8res, \u00abfotofeed\u00bb est un livre qui vous transportera dans l'essence m\u00eame de cette plateforme sociale. C'est une c\u00e9l\u00e9bration de la cr\u00e9ativit\u00e9, de la diversit\u00e9 et de la spontan\u00e9it\u00e9 de la photographie partag\u00e9e sur Instagram.<\/p>","protected":false},"featured_media":700,"comment_status":"open","ping_status":"closed","template":"","meta":[],"product_brand":[],"product_cat":[23],"product_tag":[],"class_list":{"0":"post-375","1":"product","2":"type-product","3":"status-publish","4":"has-post-thumbnail","6":"product_cat-non-classe","8":"first","9":"instock","10":"sale","11":"taxable","12":"shipping-taxable","13":"purchasable","14":"product-type-simple"},"yoast_head":"<!-- This site is optimized with the Yoast SEO plugin v27.4 - https:\/\/yoast.com\/product\/yoast-seo-wordpress\/ -->\n<title>photobook fotofeed 2024<\/title>\n<meta name=\"description\" content=\"The 2024 edition of the fotofeed photo book, a collection of 365 photos selected on Instagram, is now available for pre-order.\" \/>\n<meta name=\"robots\" content=\"index, follow, max-snippet:-1, max-image-preview:large, max-video-preview:-1\" \/>\n<link rel=\"canonical\" href=\"https:\/\/fotofeed.photos\/fr\/produit\/fotofeed-2024-photobook\/\" \/>\n<meta property=\"og:locale\" content=\"fr_FR\" \/>\n<meta property=\"og:type\" content=\"article\" \/>\n<meta property=\"og:title\" content=\"photobook fotofeed 2024\" \/>\n<meta property=\"og:description\" content=\"The 2024 edition of the fotofeed photo book, a collection of 365 photos selected on Instagram, is now available for pre-order.\" \/>\n<meta property=\"og:url\" content=\"https:\/\/fotofeed.photos\/fr\/produit\/fotofeed-2024-photobook\/\" \/>\n<meta property=\"og:site_name\" content=\"fotofeed\" \/>\n<meta property=\"article:publisher\" content=\"https:\/\/www.facebook.com\/your.fotofeed\" \/>\n<meta property=\"article:modified_time\" content=\"2026-04-14T18:52:48+00:00\" \/>\n<meta property=\"og:image\" content=\"https:\/\/fotofeed.photos\/wp-content\/uploads\/2023\/05\/1.png\" \/>\n\t<meta property=\"og:image:width\" content=\"1080\" \/>\n\t<meta property=\"og:image:height\" content=\"720\" \/>\n\t<meta property=\"og:image:type\" content=\"image\/png\" \/>\n<meta name=\"twitter:card\" content=\"summary_large_image\" \/>\n<meta name=\"twitter:site\" content=\"@your_fotofeed\" \/>\n<meta name=\"twitter:label1\" content=\"Dur\u00e9e de lecture estim\u00e9e\" \/>\n\t<meta name=\"twitter:data1\" content=\"2 minutes\" \/>\n<script type=\"application\/ld+json\" class=\"yoast-schema-graph\">{\"@context\":\"https:\\\/\\\/schema.org\",\"@graph\":[{\"@type\":\"WebPage\",\"@id\":\"https:\\\/\\\/fotofeed.photos\\\/product\\\/fotofeed-2024-photobook\\\/\",\"url\":\"https:\\\/\\\/fotofeed.photos\\\/product\\\/fotofeed-2024-photobook\\\/\",\"name\":\"photobook fotofeed 2024\",\"isPartOf\":{\"@id\":\"https:\\\/\\\/fotofeed.photos\\\/#website\"},\"primaryImageOfPage\":{\"@id\":\"https:\\\/\\\/fotofeed.photos\\\/product\\\/fotofeed-2024-photobook\\\/#primaryimage\"},\"image\":{\"@id\":\"https:\\\/\\\/fotofeed.photos\\\/product\\\/fotofeed-2024-photobook\\\/#primaryimage\"},\"thumbnailUrl\":\"https:\\\/\\\/i0.wp.com\\\/fotofeed.photos\\\/wp-content\\\/uploads\\\/2023\\\/05\\\/1.png?fit=1080%2C720&ssl=1\",\"datePublished\":\"2023-05-03T04:24:52+00:00\",\"dateModified\":\"2026-04-14T18:52:48+00:00\",\"description\":\"The 2024 edition of the fotofeed photo book, a collection of 365 photos selected on Instagram, is now available for pre-order.\",\"breadcrumb\":{\"@id\":\"https:\\\/\\\/fotofeed.photos\\\/product\\\/fotofeed-2024-photobook\\\/#breadcrumb\"},\"inLanguage\":\"fr-FR\",\"potentialAction\":[{\"@type\":\"ReadAction\",\"target\":[\"https:\\\/\\\/fotofeed.photos\\\/product\\\/fotofeed-2024-photobook\\\/\"]}]},{\"@type\":\"ImageObject\",\"inLanguage\":\"fr-FR\",\"@id\":\"https:\\\/\\\/fotofeed.photos\\\/product\\\/fotofeed-2024-photobook\\\/#primaryimage\",\"url\":\"https:\\\/\\\/i0.wp.com\\\/fotofeed.photos\\\/wp-content\\\/uploads\\\/2023\\\/05\\\/1.png?fit=1080%2C720&ssl=1\",\"contentUrl\":\"https:\\\/\\\/i0.wp.com\\\/fotofeed.photos\\\/wp-content\\\/uploads\\\/2023\\\/05\\\/1.png?fit=1080%2C720&ssl=1\",\"width\":1080,\"height\":720,\"caption\":\"fine art photobook\"},{\"@type\":\"BreadcrumbList\",\"@id\":\"https:\\\/\\\/fotofeed.photos\\\/product\\\/fotofeed-2024-photobook\\\/#breadcrumb\",\"itemListElement\":[{\"@type\":\"ListItem\",\"position\":1,\"name\":\"Home\",\"item\":\"https:\\\/\\\/fotofeed.photos\\\/\"},{\"@type\":\"ListItem\",\"position\":2,\"name\":\"Photo Book Shop\",\"item\":\"https:\\\/\\\/fotofeed.photos\\\/photo-book-shop\\\/\"},{\"@type\":\"ListItem\",\"position\":3,\"name\":\"photobook fotofeed 2024\"}]},{\"@type\":\"WebSite\",\"@id\":\"https:\\\/\\\/fotofeed.photos\\\/#website\",\"url\":\"https:\\\/\\\/fotofeed.photos\\\/\",\"name\":\"fotofeed\",\"description\":\"Daily #selection of #photographs\",\"publisher\":{\"@id\":\"https:\\\/\\\/fotofeed.photos\\\/#organization\"},\"potentialAction\":[{\"@type\":\"SearchAction\",\"target\":{\"@type\":\"EntryPoint\",\"urlTemplate\":\"https:\\\/\\\/fotofeed.photos\\\/?s={search_term_string}\"},\"query-input\":{\"@type\":\"PropertyValueSpecification\",\"valueRequired\":true,\"valueName\":\"search_term_string\"}}],\"inLanguage\":\"fr-FR\"},{\"@type\":\"Organization\",\"@id\":\"https:\\\/\\\/fotofeed.photos\\\/#organization\",\"name\":\"fotofeed\",\"url\":\"https:\\\/\\\/fotofeed.photos\\\/\",\"logo\":{\"@type\":\"ImageObject\",\"inLanguage\":\"fr-FR\",\"@id\":\"https:\\\/\\\/fotofeed.photos\\\/#\\\/schema\\\/logo\\\/image\\\/\",\"url\":\"https:\\\/\\\/i0.wp.com\\\/fotofeed.photos\\\/wp-content\\\/uploads\\\/2022\\\/04\\\/logo.png?fit=262%2C262&ssl=1\",\"contentUrl\":\"https:\\\/\\\/i0.wp.com\\\/fotofeed.photos\\\/wp-content\\\/uploads\\\/2022\\\/04\\\/logo.png?fit=262%2C262&ssl=1\",\"width\":262,\"height\":262,\"caption\":\"fotofeed\"},\"image\":{\"@id\":\"https:\\\/\\\/fotofeed.photos\\\/#\\\/schema\\\/logo\\\/image\\\/\"},\"sameAs\":[\"https:\\\/\\\/www.facebook.com\\\/your.fotofeed\",\"https:\\\/\\\/x.com\\\/your_fotofeed\",\"https:\\\/\\\/www.instagram.com\\\/your.fotofeed\\\/\"]}]}<\/script>\n<!-- \/ Yoast SEO plugin. -->","yoast_head_json":{"title":"photobook fotofeed 2024","description":"The 2024 edition of the fotofeed photo book, a collection of 365 photos selected on Instagram, is now available for pre-order.","robots":{"index":"index","follow":"follow","max-snippet":"max-snippet:-1","max-image-preview":"max-image-preview:large","max-video-preview":"max-video-preview:-1"},"canonical":"https:\/\/fotofeed.photos\/fr\/produit\/fotofeed-2024-photobook\/","og_locale":"fr_FR","og_type":"article","og_title":"photobook fotofeed 2024","og_description":"The 2024 edition of the fotofeed photo book, a collection of 365 photos selected on Instagram, is now available for pre-order.","og_url":"https:\/\/fotofeed.photos\/fr\/produit\/fotofeed-2024-photobook\/","og_site_name":"fotofeed","article_publisher":"https:\/\/www.facebook.com\/your.fotofeed","article_modified_time":"2026-04-14T18:52:48+00:00","og_image":[{"width":1080,"height":720,"url":"https:\/\/fotofeed.photos\/wp-content\/uploads\/2023\/05\/1.png","type":"image\/png"}],"twitter_card":"summary_large_image","twitter_site":"@your_fotofeed","twitter_misc":{"Dur\u00e9e de lecture estim\u00e9e":"2 minutes"},"schema":{"@context":"https:\/\/schema.org","@graph":[{"@type":"WebPage","@id":"https:\/\/fotofeed.photos\/product\/fotofeed-2024-photobook\/","url":"https:\/\/fotofeed.photos\/product\/fotofeed-2024-photobook\/","name":"photobook fotofeed 2024","isPartOf":{"@id":"https:\/\/fotofeed.photos\/#website"},"primaryImageOfPage":{"@id":"https:\/\/fotofeed.photos\/product\/fotofeed-2024-photobook\/#primaryimage"},"image":{"@id":"https:\/\/fotofeed.photos\/product\/fotofeed-2024-photobook\/#primaryimage"},"thumbnailUrl":"https:\/\/i0.wp.com\/fotofeed.photos\/wp-content\/uploads\/2023\/05\/1.png?fit=1080%2C720&ssl=1","datePublished":"2023-05-03T04:24:52+00:00","dateModified":"2026-04-14T18:52:48+00:00","description":"The 2024 edition of the fotofeed photo book, a collection of 365 photos selected on Instagram, is now available for pre-order.","breadcrumb":{"@id":"https:\/\/fotofeed.photos\/product\/fotofeed-2024-photobook\/#breadcrumb"},"inLanguage":"fr-FR","potentialAction":[{"@type":"ReadAction","target":["https:\/\/fotofeed.photos\/product\/fotofeed-2024-photobook\/"]}]},{"@type":"ImageObject","inLanguage":"fr-FR","@id":"https:\/\/fotofeed.photos\/product\/fotofeed-2024-photobook\/#primaryimage","url":"https:\/\/i0.wp.com\/fotofeed.photos\/wp-content\/uploads\/2023\/05\/1.png?fit=1080%2C720&ssl=1","contentUrl":"https:\/\/i0.wp.com\/fotofeed.photos\/wp-content\/uploads\/2023\/05\/1.png?fit=1080%2C720&ssl=1","width":1080,"height":720,"caption":"fine art photobook"},{"@type":"BreadcrumbList","@id":"https:\/\/fotofeed.photos\/product\/fotofeed-2024-photobook\/#breadcrumb","itemListElement":[{"@type":"ListItem","position":1,"name":"Home","item":"https:\/\/fotofeed.photos\/"},{"@type":"ListItem","position":2,"name":"Photo Book Shop","item":"https:\/\/fotofeed.photos\/photo-book-shop\/"},{"@type":"ListItem","position":3,"name":"photobook fotofeed 2024"}]},{"@type":"WebSite","@id":"https:\/\/fotofeed.photos\/#website","url":"https:\/\/fotofeed.photos\/","name":"fotofeed","description":"Daily #selection of #photographs","publisher":{"@id":"https:\/\/fotofeed.photos\/#organization"},"potentialAction":[{"@type":"SearchAction","target":{"@type":"EntryPoint","urlTemplate":"https:\/\/fotofeed.photos\/?s={search_term_string}"},"query-input":{"@type":"PropertyValueSpecification","valueRequired":true,"valueName":"search_term_string"}}],"inLanguage":"fr-FR"},{"@type":"Organization","@id":"https:\/\/fotofeed.photos\/#organization","name":"fotofeed","url":"https:\/\/fotofeed.photos\/","logo":{"@type":"ImageObject","inLanguage":"fr-FR","@id":"https:\/\/fotofeed.photos\/#\/schema\/logo\/image\/","url":"https:\/\/i0.wp.com\/fotofeed.photos\/wp-content\/uploads\/2022\/04\/logo.png?fit=262%2C262&ssl=1","contentUrl":"https:\/\/i0.wp.com\/fotofeed.photos\/wp-content\/uploads\/2022\/04\/logo.png?fit=262%2C262&ssl=1","width":262,"height":262,"caption":"fotofeed"},"image":{"@id":"https:\/\/fotofeed.photos\/#\/schema\/logo\/image\/"},"sameAs":["https:\/\/www.facebook.com\/your.fotofeed","https:\/\/x.com\/your_fotofeed","https:\/\/www.instagram.com\/your.fotofeed\/"]}]}},"jetpack_sharing_enabled":true,"_links":{"self":[{"href":"https:\/\/fotofeed.photos\/fr\/wp-json\/wp\/v2\/product\/375","targetHints":{"allow":["GET"]}}],"collection":[{"href":"https:\/\/fotofeed.photos\/fr\/wp-json\/wp\/v2\/product"}],"about":[{"href":"https:\/\/fotofeed.photos\/fr\/wp-json\/wp\/v2\/types\/product"}],"replies":[{"embeddable":true,"href":"https:\/\/fotofeed.photos\/fr\/wp-json\/wp\/v2\/comments?post=375"}],"version-history":[{"count":10,"href":"https:\/\/fotofeed.photos\/fr\/wp-json\/wp\/v2\/product\/375\/revisions"}],"predecessor-version":[{"id":1109,"href":"https:\/\/fotofeed.photos\/fr\/wp-json\/wp\/v2\/product\/375\/revisions\/1109"}],"wp:featuredmedia":[{"embeddable":true,"href":"https:\/\/fotofeed.photos\/fr\/wp-json\/wp\/v2\/media\/700"}],"wp:attachment":[{"href":"https:\/\/fotofeed.photos\/fr\/wp-json\/wp\/v2\/media?parent=375"}],"wp:term":[{"taxonomy":"product_brand","embeddable":true,"href":"https:\/\/fotofeed.photos\/fr\/wp-json\/wp\/v2\/product_brand?post=375"},{"taxonomy":"product_cat","embeddable":true,"href":"https:\/\/fotofeed.photos\/fr\/wp-json\/wp\/v2\/product_cat?post=375"},{"taxonomy":"product_tag","embeddable":true,"href":"https:\/\/fotofeed.photos\/fr\/wp-json\/wp\/v2\/product_tag?post=375"}],"curies":[{"name":"wp","href":"https:\/\/api.w.org\/{rel}","templated":true}]}}