{"id":371,"date":"2023-05-02T15:15:40","date_gmt":"2023-05-02T13:15:40","guid":{"rendered":"https:\/\/fotofeed.photos\/mon-compte\/"},"modified":"2023-06-17T16:12:34","modified_gmt":"2023-06-17T14:12:34","slug":"mon-compte","status":"publish","type":"page","link":"https:\/\/fotofeed.photos\/fr\/mon-compte\/","title":{"rendered":"Mon compte"},"content":{"rendered":"<div data-elementor-type=\"wp-page\" data-elementor-id=\"371\" class=\"elementor elementor-371\" data-elementor-post-type=\"page\">\n\t\t\t\t\t\t<section class=\"elementor-section elementor-top-section elementor-element elementor-element-5613cf4a elementor-section-boxed elementor-section-height-default elementor-section-height-default\" data-id=\"5613cf4a\" data-element_type=\"section\" data-e-type=\"section\">\n\t\t\t\t\t\t<div class=\"elementor-container elementor-column-gap-default\">\n\t\t\t\t\t<div class=\"elementor-column elementor-col-100 elementor-top-column elementor-element elementor-element-a26572e\" data-id=\"a26572e\" data-element_type=\"column\" data-e-type=\"column\">\n\t\t\t<div class=\"elementor-widget-wrap elementor-element-populated\">\n\t\t\t\t\t\t<div class=\"elementor-element elementor-element-b0fed30 e-my-account-tabs-vertical elementor-widget elementor-widget-woocommerce-my-account\" data-id=\"b0fed30\" data-element_type=\"widget\" data-e-type=\"widget\" data-widget_type=\"woocommerce-my-account.default\">\n\t\t\t\t<div class=\"elementor-widget-container\">\n\t\t\t\t\t<div class=\"e-my-account-tab e-my-account-tab__\">\t\t\t<div class=\"woocommerce\"><\/div>\t\t<\/div>\n\t\t\t\t\t\t<\/div>\n\t\t\t\t<\/div>\n\t\t\t\t\t<\/div>\n\t\t<\/div>\n\t\t\t\t\t<\/div>\n\t\t<\/section>\n\t\t\t\t<\/div>","protected":false},"excerpt":{"rendered":"<p>Dashboard Orders Downloads Addresses Account Details Liste de souhaits Logout Bonjour Cedric (vous n\u2019\u00eates pas Cedric\u00a0? D\u00e9connexion) \u00c0 partir du tableau de bord de votre compte, vous pouvez visualiser vos commandes r\u00e9centes, g\u00e9rer vos adresses de livraison et de facturation ainsi que changer votre mot de passe et les d\u00e9tails de votre compte.<\/p>","protected":false},"author":1,"featured_media":0,"parent":0,"menu_order":0,"comment_status":"closed","ping_status":"closed","template":"","meta":{"footnotes":""},"class_list":["post-371","page","type-page","status-publish","hentry"],"yoast_head":"<!-- This site is optimized with the Yoast SEO plugin v27.3 - https:\/\/yoast.com\/product\/yoast-seo-wordpress\/ -->\n<title>Mon compte - fotofeed<\/title>\n<meta name=\"robots\" content=\"index, follow, max-snippet:-1, max-image-preview:large, max-video-preview:-1\" \/>\n<link rel=\"canonical\" href=\"https:\/\/fotofeed.photos\/fr\/mon-compte\/\" \/>\n<meta property=\"og:locale\" content=\"fr_FR\" \/>\n<meta property=\"og:type\" content=\"article\" \/>\n<meta property=\"og:title\" content=\"Mon compte - fotofeed\" \/>\n<meta property=\"og:description\" content=\"Dashboard Orders Downloads Addresses Account Details Liste de souhaits Logout Bonjour Cedric (vous n\u2019\u00eates pas Cedric\u00a0? D\u00e9connexion) \u00c0 partir du tableau de bord de votre compte, vous pouvez visualiser vos commandes r\u00e9centes, g\u00e9rer vos adresses de livraison et de facturation ainsi que changer votre mot de passe et les d\u00e9tails de votre compte.\" \/>\n<meta property=\"og:url\" content=\"https:\/\/fotofeed.photos\/fr\/mon-compte\/\" \/>\n<meta property=\"og:site_name\" content=\"fotofeed\" \/>\n<meta property=\"article:publisher\" content=\"https:\/\/www.facebook.com\/your.fotofeed\" \/>\n<meta property=\"article:modified_time\" content=\"2023-06-17T14:12:34+00:00\" \/>\n<meta name=\"twitter:card\" content=\"summary_large_image\" \/>\n<meta name=\"twitter:site\" content=\"@your_fotofeed\" \/>\n<meta name=\"twitter:label1\" content=\"Dur\u00e9e de lecture estim\u00e9e\" \/>\n\t<meta name=\"twitter:data1\" content=\"1 minute\" \/>\n<script type=\"application\/ld+json\" class=\"yoast-schema-graph\">{\"@context\":\"https:\\\/\\\/schema.org\",\"@graph\":[{\"@type\":\"WebPage\",\"@id\":\"https:\\\/\\\/fotofeed.photos\\\/mon-compte\\\/\",\"url\":\"https:\\\/\\\/fotofeed.photos\\\/mon-compte\\\/\",\"name\":\"Mon compte - fotofeed\",\"isPartOf\":{\"@id\":\"https:\\\/\\\/fotofeed.photos\\\/#website\"},\"datePublished\":\"2023-05-02T13:15:40+00:00\",\"dateModified\":\"2023-06-17T14:12:34+00:00\",\"breadcrumb\":{\"@id\":\"https:\\\/\\\/fotofeed.photos\\\/mon-compte\\\/#breadcrumb\"},\"inLanguage\":\"fr-FR\",\"potentialAction\":[{\"@type\":\"ReadAction\",\"target\":[\"https:\\\/\\\/fotofeed.photos\\\/mon-compte\\\/\"]}]},{\"@type\":\"BreadcrumbList\",\"@id\":\"https:\\\/\\\/fotofeed.photos\\\/mon-compte\\\/#breadcrumb\",\"itemListElement\":[{\"@type\":\"ListItem\",\"position\":1,\"name\":\"Home\",\"item\":\"https:\\\/\\\/fotofeed.photos\\\/\"},{\"@type\":\"ListItem\",\"position\":2,\"name\":\"Mon compte\"}]},{\"@type\":\"WebSite\",\"@id\":\"https:\\\/\\\/fotofeed.photos\\\/#website\",\"url\":\"https:\\\/\\\/fotofeed.photos\\\/\",\"name\":\"fotofeed\",\"description\":\"Daily #selection of #photographs\",\"publisher\":{\"@id\":\"https:\\\/\\\/fotofeed.photos\\\/#organization\"},\"potentialAction\":[{\"@type\":\"SearchAction\",\"target\":{\"@type\":\"EntryPoint\",\"urlTemplate\":\"https:\\\/\\\/fotofeed.photos\\\/?s={search_term_string}\"},\"query-input\":{\"@type\":\"PropertyValueSpecification\",\"valueRequired\":true,\"valueName\":\"search_term_string\"}}],\"inLanguage\":\"fr-FR\"},{\"@type\":\"Organization\",\"@id\":\"https:\\\/\\\/fotofeed.photos\\\/#organization\",\"name\":\"fotofeed\",\"url\":\"https:\\\/\\\/fotofeed.photos\\\/\",\"logo\":{\"@type\":\"ImageObject\",\"inLanguage\":\"fr-FR\",\"@id\":\"https:\\\/\\\/fotofeed.photos\\\/#\\\/schema\\\/logo\\\/image\\\/\",\"url\":\"https:\\\/\\\/i0.wp.com\\\/fotofeed.photos\\\/wp-content\\\/uploads\\\/2022\\\/04\\\/logo.png?fit=262%2C262&ssl=1\",\"contentUrl\":\"https:\\\/\\\/i0.wp.com\\\/fotofeed.photos\\\/wp-content\\\/uploads\\\/2022\\\/04\\\/logo.png?fit=262%2C262&ssl=1\",\"width\":262,\"height\":262,\"caption\":\"fotofeed\"},\"image\":{\"@id\":\"https:\\\/\\\/fotofeed.photos\\\/#\\\/schema\\\/logo\\\/image\\\/\"},\"sameAs\":[\"https:\\\/\\\/www.facebook.com\\\/your.fotofeed\",\"https:\\\/\\\/x.com\\\/your_fotofeed\",\"https:\\\/\\\/www.instagram.com\\\/your.fotofeed\\\/\"]}]}<\/script>\n<!-- \/ Yoast SEO plugin. -->","yoast_head_json":{"title":"Mon compte - fotofeed","robots":{"index":"index","follow":"follow","max-snippet":"max-snippet:-1","max-image-preview":"max-image-preview:large","max-video-preview":"max-video-preview:-1"},"canonical":"https:\/\/fotofeed.photos\/fr\/mon-compte\/","og_locale":"fr_FR","og_type":"article","og_title":"Mon compte - fotofeed","og_description":"Dashboard Orders Downloads Addresses Account Details Liste de souhaits Logout Bonjour Cedric (vous n\u2019\u00eates pas Cedric\u00a0? D\u00e9connexion) \u00c0 partir du tableau de bord de votre compte, vous pouvez visualiser vos commandes r\u00e9centes, g\u00e9rer vos adresses de livraison et de facturation ainsi que changer votre mot de passe et les d\u00e9tails de votre compte.","og_url":"https:\/\/fotofeed.photos\/fr\/mon-compte\/","og_site_name":"fotofeed","article_publisher":"https:\/\/www.facebook.com\/your.fotofeed","article_modified_time":"2023-06-17T14:12:34+00:00","twitter_card":"summary_large_image","twitter_site":"@your_fotofeed","twitter_misc":{"Dur\u00e9e de lecture estim\u00e9e":"1 minute"},"schema":{"@context":"https:\/\/schema.org","@graph":[{"@type":"WebPage","@id":"https:\/\/fotofeed.photos\/mon-compte\/","url":"https:\/\/fotofeed.photos\/mon-compte\/","name":"Mon compte - fotofeed","isPartOf":{"@id":"https:\/\/fotofeed.photos\/#website"},"datePublished":"2023-05-02T13:15:40+00:00","dateModified":"2023-06-17T14:12:34+00:00","breadcrumb":{"@id":"https:\/\/fotofeed.photos\/mon-compte\/#breadcrumb"},"inLanguage":"fr-FR","potentialAction":[{"@type":"ReadAction","target":["https:\/\/fotofeed.photos\/mon-compte\/"]}]},{"@type":"BreadcrumbList","@id":"https:\/\/fotofeed.photos\/mon-compte\/#breadcrumb","itemListElement":[{"@type":"ListItem","position":1,"name":"Home","item":"https:\/\/fotofeed.photos\/"},{"@type":"ListItem","position":2,"name":"Mon compte"}]},{"@type":"WebSite","@id":"https:\/\/fotofeed.photos\/#website","url":"https:\/\/fotofeed.photos\/","name":"fotofeed","description":"Daily #selection of #photographs","publisher":{"@id":"https:\/\/fotofeed.photos\/#organization"},"potentialAction":[{"@type":"SearchAction","target":{"@type":"EntryPoint","urlTemplate":"https:\/\/fotofeed.photos\/?s={search_term_string}"},"query-input":{"@type":"PropertyValueSpecification","valueRequired":true,"valueName":"search_term_string"}}],"inLanguage":"fr-FR"},{"@type":"Organization","@id":"https:\/\/fotofeed.photos\/#organization","name":"fotofeed","url":"https:\/\/fotofeed.photos\/","logo":{"@type":"ImageObject","inLanguage":"fr-FR","@id":"https:\/\/fotofeed.photos\/#\/schema\/logo\/image\/","url":"https:\/\/i0.wp.com\/fotofeed.photos\/wp-content\/uploads\/2022\/04\/logo.png?fit=262%2C262&ssl=1","contentUrl":"https:\/\/i0.wp.com\/fotofeed.photos\/wp-content\/uploads\/2022\/04\/logo.png?fit=262%2C262&ssl=1","width":262,"height":262,"caption":"fotofeed"},"image":{"@id":"https:\/\/fotofeed.photos\/#\/schema\/logo\/image\/"},"sameAs":["https:\/\/www.facebook.com\/your.fotofeed","https:\/\/x.com\/your_fotofeed","https:\/\/www.instagram.com\/your.fotofeed\/"]}]}},"jetpack_sharing_enabled":true,"_links":{"self":[{"href":"https:\/\/fotofeed.photos\/fr\/wp-json\/wp\/v2\/pages\/371","targetHints":{"allow":["GET"]}}],"collection":[{"href":"https:\/\/fotofeed.photos\/fr\/wp-json\/wp\/v2\/pages"}],"about":[{"href":"https:\/\/fotofeed.photos\/fr\/wp-json\/wp\/v2\/types\/page"}],"author":[{"embeddable":true,"href":"https:\/\/fotofeed.photos\/fr\/wp-json\/wp\/v2\/users\/1"}],"replies":[{"embeddable":true,"href":"https:\/\/fotofeed.photos\/fr\/wp-json\/wp\/v2\/comments?post=371"}],"version-history":[{"count":21,"href":"https:\/\/fotofeed.photos\/fr\/wp-json\/wp\/v2\/pages\/371\/revisions"}],"predecessor-version":[{"id":714,"href":"https:\/\/fotofeed.photos\/fr\/wp-json\/wp\/v2\/pages\/371\/revisions\/714"}],"wp:attachment":[{"href":"https:\/\/fotofeed.photos\/fr\/wp-json\/wp\/v2\/media?parent=371"}],"curies":[{"name":"wp","href":"https:\/\/api.w.org\/{rel}","templated":true}]}}