{"id":1002,"date":"2024-07-24T16:12:28","date_gmt":"2024-07-24T14:12:28","guid":{"rendered":"https:\/\/fotofeed.photos\/?page_id=1002"},"modified":"2024-07-24T16:28:49","modified_gmt":"2024-07-24T14:28:49","slug":"legal-notices","status":"publish","type":"page","link":"https:\/\/fotofeed.photos\/fr\/legal-notices\/","title":{"rendered":"Legal Notices"},"content":{"rendered":"<div data-elementor-type=\"wp-page\" data-elementor-id=\"1002\" class=\"elementor elementor-1002\" data-elementor-post-type=\"page\">\n\t\t\t\t<div class=\"elementor-element elementor-element-4df1038 e-flex e-con-boxed e-con e-parent\" data-id=\"4df1038\" data-element_type=\"container\" data-e-type=\"container\">\n\t\t\t\t\t<div class=\"e-con-inner\">\n\t\t\t\t<div class=\"elementor-element elementor-element-b84fd1e elementor-widget elementor-widget-heading\" data-id=\"b84fd1e\" data-element_type=\"widget\" data-e-type=\"widget\" data-widget_type=\"heading.default\">\n\t\t\t\t<div class=\"elementor-widget-container\">\n\t\t\t\t\t<h3 class=\"elementor-heading-title elementor-size-default\">Owner of the website<\/h3>\t\t\t\t<\/div>\n\t\t\t\t<\/div>\n\t\t\t\t<div class=\"elementor-element elementor-element-8296cc3 elementor-widget elementor-widget-text-editor\" data-id=\"8296cc3\" data-element_type=\"widget\" data-e-type=\"widget\" data-widget_type=\"text-editor.default\">\n\t\t\t\t<div class=\"elementor-widget-container\">\n\t\t\t\t\t\t\t\t\t<p><a href=\"https:\/\/websteem.com\/\" target=\"_blank\" rel=\"noreferrer noopener\">WebSteem SARL<\/a><br \/>Registered head office: 115 cours de la Lib\u00e9ration et du G\u00e9n\u00e9ral de Gaulle, 38100 Grenoble, France<br \/>884 210 535 Grenoble TCR<br \/>Mail:\u00a0<a href=\"mailto:contact@websteem.com\">contact@websteem.com<\/a><br \/>Tel.:\u00a0<a href=\"tel:33678281927\">+33 (0)6 78 28 19 27<\/a><br \/>Director of publication:\u00a0<a href=\"https:\/\/www.linkedin.com\/in\/ebertrand\/\" target=\"_blank\" rel=\"noreferrer noopener nofollow\">Emmanuel Bertrand<\/a><\/p>\t\t\t\t\t\t\t\t<\/div>\n\t\t\t\t<\/div>\n\t\t\t\t<div class=\"elementor-element elementor-element-be0660d elementor-widget elementor-widget-heading\" data-id=\"be0660d\" data-element_type=\"widget\" data-e-type=\"widget\" data-widget_type=\"heading.default\">\n\t\t\t\t<div class=\"elementor-widget-container\">\n\t\t\t\t\t<h3 class=\"elementor-heading-title elementor-size-default\">Website Hosting<\/h3>\t\t\t\t<\/div>\n\t\t\t\t<\/div>\n\t\t\t\t<div class=\"elementor-element elementor-element-34db806 elementor-widget elementor-widget-text-editor\" data-id=\"34db806\" data-element_type=\"widget\" data-e-type=\"widget\" data-widget_type=\"text-editor.default\">\n\t\t\t\t<div class=\"elementor-widget-container\">\n\t\t\t\t\t\t\t\t\t<p>IONOS\u00a0SARL<br \/>Registered head office: 7 place de la Gare, BP 70109, 57200 Sarreguemines Cedex<br \/>431\u00a0303\u00a0775 Sarreguemines TCR<\/p>\t\t\t\t\t\t\t\t<\/div>\n\t\t\t\t<\/div>\n\t\t\t\t<div class=\"elementor-element elementor-element-f07c30a elementor-widget elementor-widget-heading\" data-id=\"f07c30a\" data-element_type=\"widget\" data-e-type=\"widget\" data-widget_type=\"heading.default\">\n\t\t\t\t<div class=\"elementor-widget-container\">\n\t\t\t\t\t<h3 class=\"elementor-heading-title elementor-size-default\">Design \/ Production<\/h3>\t\t\t\t<\/div>\n\t\t\t\t<\/div>\n\t\t\t\t<div class=\"elementor-element elementor-element-f3898b8 elementor-widget elementor-widget-text-editor\" data-id=\"f3898b8\" data-element_type=\"widget\" data-e-type=\"widget\" data-widget_type=\"text-editor.default\">\n\t\t\t\t<div class=\"elementor-widget-container\">\n\t\t\t\t\t\t\t\t\t<p>Fotofeed logotype, graphic charter and 1st version of the website (2019-2022):\u00a0<a href=\"https:\/\/www.linkedin.com\/in\/simonalibert\/\" target=\"_blank\" rel=\"noreferrer noopener nofollow\">Simon Alibert<\/a><br \/>2nd version of the website (2023-2024) and shop section:\u00a0<a href=\"https:\/\/www.linkedin.com\/in\/c%C3%A9dric-richy-b8a256265\/\" target=\"_blank\" rel=\"noreferrer noopener nofollow\">C\u00e9dric Richy<\/a><br \/>Maintenance and minor improvements:\u00a0<a href=\"https:\/\/www.linkedin.com\/in\/ebertrand\/\" target=\"_blank\" rel=\"noreferrer noopener nofollow\">Emmanuel Bertrand<\/a><br \/>Photos: <a href=\"https:\/\/www.linkedin.com\/in\/simonalibert\/\" target=\"_blank\" rel=\"noreferrer noopener nofollow\">Simon Alibert<\/a>, <a href=\"https:\/\/www.linkedin.com\/in\/ebertrand\/\" target=\"_blank\" rel=\"noreferrer noopener nofollow\">Emmanuel Bertrand<\/a> and some of the talented photographers we selected.<\/p>\t\t\t\t\t\t\t\t<\/div>\n\t\t\t\t<\/div>\n\t\t\t\t<div class=\"elementor-element elementor-element-0dee8d7 elementor-widget elementor-widget-heading\" data-id=\"0dee8d7\" data-element_type=\"widget\" data-e-type=\"widget\" data-widget_type=\"heading.default\">\n\t\t\t\t<div class=\"elementor-widget-container\">\n\t\t\t\t\t<h3 class=\"elementor-heading-title elementor-size-default\">Copyright<\/h3>\t\t\t\t<\/div>\n\t\t\t\t<\/div>\n\t\t\t\t<div class=\"elementor-element elementor-element-4996fce elementor-widget elementor-widget-text-editor\" data-id=\"4996fce\" data-element_type=\"widget\" data-e-type=\"widget\" data-widget_type=\"text-editor.default\">\n\t\t\t\t<div class=\"elementor-widget-container\">\n\t\t\t\t\t\t\t\t\t<p>This entire website is covered by French and international legislation on copyright and intellectual property. All rights of reproduction are reserved, including downloadable documents and iconographic and photographic representations. Reproduction of all or part of this site on any electronic medium whatsoever is strictly prohibited.<\/p>\t\t\t\t\t\t\t\t<\/div>\n\t\t\t\t<\/div>\n\t\t\t\t<div class=\"elementor-element elementor-element-8f85647 elementor-widget elementor-widget-heading\" data-id=\"8f85647\" data-element_type=\"widget\" data-e-type=\"widget\" data-widget_type=\"heading.default\">\n\t\t\t\t<div class=\"elementor-widget-container\">\n\t\t\t\t\t<h3 class=\"elementor-heading-title elementor-size-default\">Access to the website<\/h3>\t\t\t\t<\/div>\n\t\t\t\t<\/div>\n\t\t\t\t<div class=\"elementor-element elementor-element-272c754 elementor-widget elementor-widget-text-editor\" data-id=\"272c754\" data-element_type=\"widget\" data-e-type=\"widget\" data-widget_type=\"text-editor.default\">\n\t\t\t\t<div class=\"elementor-widget-container\">\n\t\t\t\t\t\t\t\t\t<p>The user of this site acknowledges having the skills and means necessary to access and use this site. WebSteem SARL can not be held responsible for items beyond its control and any damage that may be suffered by the technical environment of the user and in particular, its computers, software, network equipment and any other equipment used to access or use the service and \/ or information. It is recalled that fraudulently accessing or remaining in a computer system, hindering or distorting the operation of such a system, fraudulently introducing or modifying data in a computer system are punishable offenses. criminal sanctions.<\/p>\t\t\t\t\t\t\t\t<\/div>\n\t\t\t\t<\/div>\n\t\t\t\t<div class=\"elementor-element elementor-element-584c479 elementor-widget elementor-widget-heading\" data-id=\"584c479\" data-element_type=\"widget\" data-e-type=\"widget\" data-widget_type=\"heading.default\">\n\t\t\t\t<div class=\"elementor-widget-container\">\n\t\t\t\t\t<h3 class=\"elementor-heading-title elementor-size-default\">Content of the website<\/h3>\t\t\t\t<\/div>\n\t\t\t\t<\/div>\n\t\t\t\t<div class=\"elementor-element elementor-element-47b296b elementor-widget elementor-widget-text-editor\" data-id=\"47b296b\" data-element_type=\"widget\" data-e-type=\"widget\" data-widget_type=\"text-editor.default\">\n\t\t\t\t<div class=\"elementor-widget-container\">\n\t\t\t\t\t\t\t\t\t<p>WebSteem SARL reserves the right to correct, at any time and without notice, the content of this site. In addition, WebSteem SARL declines any responsibility in case of delay, error or omission as to the content of these pages, as well as in the event of interruption or unavailability of the service.<\/p>\t\t\t\t\t\t\t\t<\/div>\n\t\t\t\t<\/div>\n\t\t\t\t<div class=\"elementor-element elementor-element-0715938 elementor-widget elementor-widget-heading\" data-id=\"0715938\" data-element_type=\"widget\" data-e-type=\"widget\" data-widget_type=\"heading.default\">\n\t\t\t\t<div class=\"elementor-widget-container\">\n\t\t\t\t\t<h3 class=\"elementor-heading-title elementor-size-default\">Nominative information collected on the website<\/h3>\t\t\t\t<\/div>\n\t\t\t\t<\/div>\n\t\t\t\t<div class=\"elementor-element elementor-element-8c050a0 elementor-widget elementor-widget-text-editor\" data-id=\"8c050a0\" data-element_type=\"widget\" data-e-type=\"widget\" data-widget_type=\"text-editor.default\">\n\t\t\t\t<div class=\"elementor-widget-container\">\n\t\t\t\t\t\t\t\t\t<p>All data collected on this website, by any means whatsoever, are for the reserved use of WebSteem SARL. However, you benefit from a right to information and rectification of data concerning you according to the provisions of Article 34 of Law 78-17 of 6 January 1978 on data processing and freedoms.<\/p>\t\t\t\t\t\t\t\t<\/div>\n\t\t\t\t<\/div>\n\t\t\t\t\t<\/div>\n\t\t\t\t<\/div>\n\t\t\t\t<\/div>","protected":false},"excerpt":{"rendered":"<p>Owner of the website WebSteem SARLRegistered head office: 115 cours de la Lib\u00e9ration et du G\u00e9n\u00e9ral de Gaulle, 38100 Grenoble, France884 210 535 Grenoble TCRMail:\u00a0contact@websteem.comTel.:\u00a0+33 (0)6 78 28 19 27Director of publication:\u00a0Emmanuel Bertrand Website Hosting IONOS\u00a0SARLRegistered head office: 7 place de la Gare, BP 70109, 57200 Sarreguemines Cedex431\u00a0303\u00a0775 Sarreguemines TCR Design \/ Production Fotofeed logotype, [&hellip;]<\/p>\n","protected":false},"author":2,"featured_media":0,"parent":0,"menu_order":0,"comment_status":"closed","ping_status":"closed","template":"elementor_theme","meta":{"footnotes":""},"class_list":["post-1002","page","type-page","status-publish","hentry"],"yoast_head":"<!-- This site is optimized with the Yoast SEO plugin v27.3 - https:\/\/yoast.com\/product\/yoast-seo-wordpress\/ -->\n<title>Legal Notices - fotofeed<\/title>\n<meta name=\"robots\" content=\"index, follow, max-snippet:-1, max-image-preview:large, max-video-preview:-1\" \/>\n<link rel=\"canonical\" href=\"https:\/\/fotofeed.photos\/fr\/legal-notices\/\" \/>\n<meta property=\"og:locale\" content=\"fr_FR\" \/>\n<meta property=\"og:type\" content=\"article\" \/>\n<meta property=\"og:title\" content=\"Legal Notices - fotofeed\" \/>\n<meta property=\"og:description\" content=\"Owner of the website WebSteem SARLRegistered head office: 115 cours de la Lib\u00e9ration et du G\u00e9n\u00e9ral de Gaulle, 38100 Grenoble, France884 210 535 Grenoble TCRMail:\u00a0contact@websteem.comTel.:\u00a0+33 (0)6 78 28 19 27Director of publication:\u00a0Emmanuel Bertrand Website Hosting IONOS\u00a0SARLRegistered head office: 7 place de la Gare, BP 70109, 57200 Sarreguemines Cedex431\u00a0303\u00a0775 Sarreguemines TCR Design \/ Production Fotofeed logotype, [&hellip;]\" \/>\n<meta property=\"og:url\" content=\"https:\/\/fotofeed.photos\/fr\/legal-notices\/\" \/>\n<meta property=\"og:site_name\" content=\"fotofeed\" \/>\n<meta property=\"article:publisher\" content=\"https:\/\/www.facebook.com\/your.fotofeed\" \/>\n<meta property=\"article:modified_time\" content=\"2024-07-24T14:28:49+00:00\" \/>\n<meta name=\"twitter:card\" content=\"summary_large_image\" \/>\n<meta name=\"twitter:site\" content=\"@your_fotofeed\" \/>\n<meta name=\"twitter:label1\" content=\"Dur\u00e9e de lecture estim\u00e9e\" \/>\n\t<meta name=\"twitter:data1\" content=\"2 minutes\" \/>\n<script type=\"application\/ld+json\" class=\"yoast-schema-graph\">{\"@context\":\"https:\\\/\\\/schema.org\",\"@graph\":[{\"@type\":\"WebPage\",\"@id\":\"https:\\\/\\\/fotofeed.photos\\\/legal-notices\\\/\",\"url\":\"https:\\\/\\\/fotofeed.photos\\\/legal-notices\\\/\",\"name\":\"Legal Notices - fotofeed\",\"isPartOf\":{\"@id\":\"https:\\\/\\\/fotofeed.photos\\\/#website\"},\"datePublished\":\"2024-07-24T14:12:28+00:00\",\"dateModified\":\"2024-07-24T14:28:49+00:00\",\"breadcrumb\":{\"@id\":\"https:\\\/\\\/fotofeed.photos\\\/legal-notices\\\/#breadcrumb\"},\"inLanguage\":\"fr-FR\",\"potentialAction\":[{\"@type\":\"ReadAction\",\"target\":[\"https:\\\/\\\/fotofeed.photos\\\/legal-notices\\\/\"]}]},{\"@type\":\"BreadcrumbList\",\"@id\":\"https:\\\/\\\/fotofeed.photos\\\/legal-notices\\\/#breadcrumb\",\"itemListElement\":[{\"@type\":\"ListItem\",\"position\":1,\"name\":\"Home\",\"item\":\"https:\\\/\\\/fotofeed.photos\\\/\"},{\"@type\":\"ListItem\",\"position\":2,\"name\":\"Legal Notices\"}]},{\"@type\":\"WebSite\",\"@id\":\"https:\\\/\\\/fotofeed.photos\\\/#website\",\"url\":\"https:\\\/\\\/fotofeed.photos\\\/\",\"name\":\"fotofeed\",\"description\":\"Daily #selection of #photographs\",\"publisher\":{\"@id\":\"https:\\\/\\\/fotofeed.photos\\\/#organization\"},\"potentialAction\":[{\"@type\":\"SearchAction\",\"target\":{\"@type\":\"EntryPoint\",\"urlTemplate\":\"https:\\\/\\\/fotofeed.photos\\\/?s={search_term_string}\"},\"query-input\":{\"@type\":\"PropertyValueSpecification\",\"valueRequired\":true,\"valueName\":\"search_term_string\"}}],\"inLanguage\":\"fr-FR\"},{\"@type\":\"Organization\",\"@id\":\"https:\\\/\\\/fotofeed.photos\\\/#organization\",\"name\":\"fotofeed\",\"url\":\"https:\\\/\\\/fotofeed.photos\\\/\",\"logo\":{\"@type\":\"ImageObject\",\"inLanguage\":\"fr-FR\",\"@id\":\"https:\\\/\\\/fotofeed.photos\\\/#\\\/schema\\\/logo\\\/image\\\/\",\"url\":\"https:\\\/\\\/i0.wp.com\\\/fotofeed.photos\\\/wp-content\\\/uploads\\\/2022\\\/04\\\/logo.png?fit=262%2C262&ssl=1\",\"contentUrl\":\"https:\\\/\\\/i0.wp.com\\\/fotofeed.photos\\\/wp-content\\\/uploads\\\/2022\\\/04\\\/logo.png?fit=262%2C262&ssl=1\",\"width\":262,\"height\":262,\"caption\":\"fotofeed\"},\"image\":{\"@id\":\"https:\\\/\\\/fotofeed.photos\\\/#\\\/schema\\\/logo\\\/image\\\/\"},\"sameAs\":[\"https:\\\/\\\/www.facebook.com\\\/your.fotofeed\",\"https:\\\/\\\/x.com\\\/your_fotofeed\",\"https:\\\/\\\/www.instagram.com\\\/your.fotofeed\\\/\"]}]}<\/script>\n<!-- \/ Yoast SEO plugin. -->","yoast_head_json":{"title":"Legal Notices - fotofeed","robots":{"index":"index","follow":"follow","max-snippet":"max-snippet:-1","max-image-preview":"max-image-preview:large","max-video-preview":"max-video-preview:-1"},"canonical":"https:\/\/fotofeed.photos\/fr\/legal-notices\/","og_locale":"fr_FR","og_type":"article","og_title":"Legal Notices - fotofeed","og_description":"Owner of the website WebSteem SARLRegistered head office: 115 cours de la Lib\u00e9ration et du G\u00e9n\u00e9ral de Gaulle, 38100 Grenoble, France884 210 535 Grenoble TCRMail:\u00a0contact@websteem.comTel.:\u00a0+33 (0)6 78 28 19 27Director of publication:\u00a0Emmanuel Bertrand Website Hosting IONOS\u00a0SARLRegistered head office: 7 place de la Gare, BP 70109, 57200 Sarreguemines Cedex431\u00a0303\u00a0775 Sarreguemines TCR Design \/ Production Fotofeed logotype, [&hellip;]","og_url":"https:\/\/fotofeed.photos\/fr\/legal-notices\/","og_site_name":"fotofeed","article_publisher":"https:\/\/www.facebook.com\/your.fotofeed","article_modified_time":"2024-07-24T14:28:49+00:00","twitter_card":"summary_large_image","twitter_site":"@your_fotofeed","twitter_misc":{"Dur\u00e9e de lecture estim\u00e9e":"2 minutes"},"schema":{"@context":"https:\/\/schema.org","@graph":[{"@type":"WebPage","@id":"https:\/\/fotofeed.photos\/legal-notices\/","url":"https:\/\/fotofeed.photos\/legal-notices\/","name":"Legal Notices - fotofeed","isPartOf":{"@id":"https:\/\/fotofeed.photos\/#website"},"datePublished":"2024-07-24T14:12:28+00:00","dateModified":"2024-07-24T14:28:49+00:00","breadcrumb":{"@id":"https:\/\/fotofeed.photos\/legal-notices\/#breadcrumb"},"inLanguage":"fr-FR","potentialAction":[{"@type":"ReadAction","target":["https:\/\/fotofeed.photos\/legal-notices\/"]}]},{"@type":"BreadcrumbList","@id":"https:\/\/fotofeed.photos\/legal-notices\/#breadcrumb","itemListElement":[{"@type":"ListItem","position":1,"name":"Home","item":"https:\/\/fotofeed.photos\/"},{"@type":"ListItem","position":2,"name":"Legal Notices"}]},{"@type":"WebSite","@id":"https:\/\/fotofeed.photos\/#website","url":"https:\/\/fotofeed.photos\/","name":"fotofeed","description":"Daily #selection of #photographs","publisher":{"@id":"https:\/\/fotofeed.photos\/#organization"},"potentialAction":[{"@type":"SearchAction","target":{"@type":"EntryPoint","urlTemplate":"https:\/\/fotofeed.photos\/?s={search_term_string}"},"query-input":{"@type":"PropertyValueSpecification","valueRequired":true,"valueName":"search_term_string"}}],"inLanguage":"fr-FR"},{"@type":"Organization","@id":"https:\/\/fotofeed.photos\/#organization","name":"fotofeed","url":"https:\/\/fotofeed.photos\/","logo":{"@type":"ImageObject","inLanguage":"fr-FR","@id":"https:\/\/fotofeed.photos\/#\/schema\/logo\/image\/","url":"https:\/\/i0.wp.com\/fotofeed.photos\/wp-content\/uploads\/2022\/04\/logo.png?fit=262%2C262&ssl=1","contentUrl":"https:\/\/i0.wp.com\/fotofeed.photos\/wp-content\/uploads\/2022\/04\/logo.png?fit=262%2C262&ssl=1","width":262,"height":262,"caption":"fotofeed"},"image":{"@id":"https:\/\/fotofeed.photos\/#\/schema\/logo\/image\/"},"sameAs":["https:\/\/www.facebook.com\/your.fotofeed","https:\/\/x.com\/your_fotofeed","https:\/\/www.instagram.com\/your.fotofeed\/"]}]}},"jetpack_sharing_enabled":true,"_links":{"self":[{"href":"https:\/\/fotofeed.photos\/fr\/wp-json\/wp\/v2\/pages\/1002","targetHints":{"allow":["GET"]}}],"collection":[{"href":"https:\/\/fotofeed.photos\/fr\/wp-json\/wp\/v2\/pages"}],"about":[{"href":"https:\/\/fotofeed.photos\/fr\/wp-json\/wp\/v2\/types\/page"}],"author":[{"embeddable":true,"href":"https:\/\/fotofeed.photos\/fr\/wp-json\/wp\/v2\/users\/2"}],"replies":[{"embeddable":true,"href":"https:\/\/fotofeed.photos\/fr\/wp-json\/wp\/v2\/comments?post=1002"}],"version-history":[{"count":5,"href":"https:\/\/fotofeed.photos\/fr\/wp-json\/wp\/v2\/pages\/1002\/revisions"}],"predecessor-version":[{"id":1011,"href":"https:\/\/fotofeed.photos\/fr\/wp-json\/wp\/v2\/pages\/1002\/revisions\/1011"}],"wp:attachment":[{"href":"https:\/\/fotofeed.photos\/fr\/wp-json\/wp\/v2\/media?parent=1002"}],"curies":[{"name":"wp","href":"https:\/\/api.w.org\/{rel}","templated":true}]}}